{"id":59,"date":"2024-07-09T14:14:26","date_gmt":"2024-07-09T14:14:26","guid":{"rendered":"https:\/\/ab-bladvaenget.dk\/?page_id=59"},"modified":"2026-04-17T06:22:57","modified_gmt":"2026-04-17T06:22:57","slug":"bladvaenget","status":"publish","type":"page","link":"https:\/\/ab-bladvaenget.dk\/","title":{"rendered":"Forside"},"content":{"rendered":"\n<p class=\"has-text-align-center\"><span style=\"color: #003300;\"><strong>VELKOMMEN TIL ANDELSBOLIGFORENINGEN BLADV\u00c6NGET<\/strong><\/span><\/p>\n\n\n\n<figure class=\"wp-block-image alignwide size-large\"><img loading=\"lazy\" decoding=\"async\" width=\"1024\" height=\"423\" src=\"http:\/\/ab-bladvaenget.dk\/wp-content\/uploads\/2024\/07\/Forside-2006-e1726236095128-1024x423.jpg\" alt=\"\" class=\"wp-image-205\" srcset=\"https:\/\/ab-bladvaenget.dk\/wp-content\/uploads\/2024\/07\/Forside-2006-e1726236095128-1024x423.jpg 1024w, https:\/\/ab-bladvaenget.dk\/wp-content\/uploads\/2024\/07\/Forside-2006-e1726236095128-300x124.jpg 300w, https:\/\/ab-bladvaenget.dk\/wp-content\/uploads\/2024\/07\/Forside-2006-e1726236095128-768x317.jpg 768w, https:\/\/ab-bladvaenget.dk\/wp-content\/uploads\/2024\/07\/Forside-2006-e1726236095128-1536x635.jpg 1536w, https:\/\/ab-bladvaenget.dk\/wp-content\/uploads\/2024\/07\/Forside-2006-e1726236095128-2048x846.jpg 2048w, https:\/\/ab-bladvaenget.dk\/wp-content\/uploads\/2024\/07\/Forside-2006-e1726236095128-1568x648.jpg 1568w\" sizes=\"auto, (max-width: 1024px) 100vw, 1024px\" \/><figcaption class=\"wp-element-caption\">stamvejen 2006<\/figcaption><\/figure>\n\n\n\n<figure class=\"wp-block-image size-large\"><img loading=\"lazy\" decoding=\"async\" width=\"437\" height=\"1024\" src=\"https:\/\/ab-bladvaenget.dk\/wp-content\/uploads\/2026\/04\/foerste-spadestik-437x1024.jpg\" alt=\"\" class=\"wp-image-670\" srcset=\"https:\/\/ab-bladvaenget.dk\/wp-content\/uploads\/2026\/04\/foerste-spadestik-437x1024.jpg 437w, https:\/\/ab-bladvaenget.dk\/wp-content\/uploads\/2026\/04\/foerste-spadestik-128x300.jpg 128w, https:\/\/ab-bladvaenget.dk\/wp-content\/uploads\/2026\/04\/foerste-spadestik-768x1800.jpg 768w, https:\/\/ab-bladvaenget.dk\/wp-content\/uploads\/2026\/04\/foerste-spadestik-655x1536.jpg 655w, https:\/\/ab-bladvaenget.dk\/wp-content\/uploads\/2026\/04\/foerste-spadestik-874x2048.jpg 874w, https:\/\/ab-bladvaenget.dk\/wp-content\/uploads\/2026\/04\/foerste-spadestik.jpg 1070w\" sizes=\"auto, (max-width: 437px) 100vw, 437px\" \/><\/figure>\n\n\n\n<p class=\"has-text-align-center\"><\/p>\n\n\n\n<p class=\"has-text-align-center\"><span style=\"color: #003300;\"><strong>VELKOMMEN TIL ANDELSBOLIGFORENINGEN BLADV\u00c6NGET, som er beliggende i Svendborg \u00f8st, i et smukt omr\u00e5de, imellem Troldeskoven og Hallingskoven og med ca. 950 meter til st\u00f8rre indk\u00f8bsmuligheder<\/strong><\/span><\/p>\n\n\n\n<p class=\"has-text-align-left\"><span style=\"color: #003300;\">F\u00f8rste spadestik til Bladv\u00e6nget blev taget 17. april 2001. F\u00f8rst til 20 boliger, men planerne blev hurtigt udvidet til 30 boliger. Senere blev F\u00e6lleshuset planlagt. Billedet herover er fra 2006, hvor al beplantning endnu var ganske sp\u00e6d. Billede herunder, som er fra 2024, viser omr\u00e5det flot og gr\u00f8nt med all\u00e9 af flotte lindetr\u00e6er.<\/span><\/p>\n\n\n\n<p class=\"has-text-align-left\"><a href=\"https:\/\/ab-bladvaenget.dk\/index.php\/om-bladvaenget\/\" data-type=\"page\" data-id=\"237\">Du kan l\u00e6se mere i &#8220;Om Bladv\u00e6nget<\/a>&#8220;<\/p>\n\n\n\n<figure class=\"wp-block-image alignwide size-large\"><img loading=\"lazy\" decoding=\"async\" width=\"1024\" height=\"484\" src=\"http:\/\/ab-bladvaenget.dk\/wp-content\/uploads\/2024\/07\/DSC_0194-red-scaled-e1726236345315-1024x484.jpg\" alt=\"\" class=\"wp-image-197\" srcset=\"https:\/\/ab-bladvaenget.dk\/wp-content\/uploads\/2024\/07\/DSC_0194-red-scaled-e1726236345315-1024x484.jpg 1024w, https:\/\/ab-bladvaenget.dk\/wp-content\/uploads\/2024\/07\/DSC_0194-red-scaled-e1726236345315-300x142.jpg 300w, https:\/\/ab-bladvaenget.dk\/wp-content\/uploads\/2024\/07\/DSC_0194-red-scaled-e1726236345315-768x363.jpg 768w, https:\/\/ab-bladvaenget.dk\/wp-content\/uploads\/2024\/07\/DSC_0194-red-scaled-e1726236345315-1536x727.jpg 1536w, https:\/\/ab-bladvaenget.dk\/wp-content\/uploads\/2024\/07\/DSC_0194-red-scaled-e1726236345315-2048x969.jpg 2048w, https:\/\/ab-bladvaenget.dk\/wp-content\/uploads\/2024\/07\/DSC_0194-red-scaled-e1726236345315-1568x742.jpg 1568w\" sizes=\"auto, (max-width: 1024px) 100vw, 1024px\" \/><figcaption class=\"wp-element-caption\">stamvejen 2024<\/figcaption><\/figure>\n\n\n\n<figure class=\"wp-block-image alignwide size-large\"><img loading=\"lazy\" decoding=\"async\" width=\"1024\" height=\"487\" src=\"https:\/\/ab-bladvaenget.dk\/wp-content\/uploads\/2024\/09\/DSC_0139-cut-1-1024x487.jpg\" alt=\"\" class=\"wp-image-285\" srcset=\"https:\/\/ab-bladvaenget.dk\/wp-content\/uploads\/2024\/09\/DSC_0139-cut-1-1024x487.jpg 1024w, https:\/\/ab-bladvaenget.dk\/wp-content\/uploads\/2024\/09\/DSC_0139-cut-1-300x143.jpg 300w, https:\/\/ab-bladvaenget.dk\/wp-content\/uploads\/2024\/09\/DSC_0139-cut-1-768x365.jpg 768w, https:\/\/ab-bladvaenget.dk\/wp-content\/uploads\/2024\/09\/DSC_0139-cut-1-1536x731.jpg 1536w, https:\/\/ab-bladvaenget.dk\/wp-content\/uploads\/2024\/09\/DSC_0139-cut-1-2048x975.jpg 2048w, https:\/\/ab-bladvaenget.dk\/wp-content\/uploads\/2024\/09\/DSC_0139-cut-1-1568x746.jpg 1568w\" sizes=\"auto, (max-width: 1024px) 100vw, 1024px\" \/><figcaption class=\"wp-element-caption\"><code>Bladv\u00e6ngets f\u00e6lleshus<\/code> 2024<\/figcaption><\/figure>\n","protected":false},"excerpt":{"rendered":"<p>VELKOMMEN TIL ANDELSBOLIGFORENINGEN BLADV\u00c6NGET VELKOMMEN TIL ANDELSBOLIGFORENINGEN BLADV\u00c6NGET, som er beliggende i Svendborg \u00f8st, i et smukt omr\u00e5de, imellem Troldeskoven og Hallingskoven og med ca. 950 meter til st\u00f8rre indk\u00f8bsmuligheder F\u00f8rste spadestik til Bladv\u00e6nget blev taget 17. april 2001. F\u00f8rst til 20 boliger, men planerne blev hurtigt udvidet til 30 boliger. Senere blev F\u00e6lleshuset planlagt.&hellip; <a class=\"more-link\" href=\"https:\/\/ab-bladvaenget.dk\/\">L\u00e6s mere <span class=\"screen-reader-text\">Forside<\/span><\/a><\/p>\n","protected":false},"author":1,"featured_media":0,"parent":0,"menu_order":0,"comment_status":"closed","ping_status":"closed","template":"","meta":{"footnotes":""},"class_list":["post-59","page","type-page","status-publish","hentry","entry"],"_links":{"self":[{"href":"https:\/\/ab-bladvaenget.dk\/index.php\/wp-json\/wp\/v2\/pages\/59","targetHints":{"allow":["GET"]}}],"collection":[{"href":"https:\/\/ab-bladvaenget.dk\/index.php\/wp-json\/wp\/v2\/pages"}],"about":[{"href":"https:\/\/ab-bladvaenget.dk\/index.php\/wp-json\/wp\/v2\/types\/page"}],"author":[{"embeddable":true,"href":"https:\/\/ab-bladvaenget.dk\/index.php\/wp-json\/wp\/v2\/users\/1"}],"replies":[{"embeddable":true,"href":"https:\/\/ab-bladvaenget.dk\/index.php\/wp-json\/wp\/v2\/comments?post=59"}],"version-history":[{"count":65,"href":"https:\/\/ab-bladvaenget.dk\/index.php\/wp-json\/wp\/v2\/pages\/59\/revisions"}],"predecessor-version":[{"id":671,"href":"https:\/\/ab-bladvaenget.dk\/index.php\/wp-json\/wp\/v2\/pages\/59\/revisions\/671"}],"wp:attachment":[{"href":"https:\/\/ab-bladvaenget.dk\/index.php\/wp-json\/wp\/v2\/media?parent=59"}],"curies":[{"name":"wp","href":"https:\/\/api.w.org\/{rel}","templated":true}]}}